
{"id":2395,"date":"2015-04-16T13:22:47","date_gmt":"2015-04-16T13:22:47","guid":{"rendered":"http:\/\/pix-theme.org\/wordpress\/autodoc\/?page_id=2395"},"modified":"2018-09-07T23:23:51","modified_gmt":"2018-09-07T21:23:51","slug":"chi-siamo","status":"publish","type":"page","link":"https:\/\/vicarsrl.com\/index.php\/chi-siamo\/","title":{"rendered":"Chi Siamo"},"content":{"rendered":"<p>[vc_row][vc_column][vc_column_text]<\/p>\n<p style=\"text-align: center;\"><h2 class=\"light-font\">Chi Siamo?<\/h2><\/p>\n<p><img loading=\"lazy\" class=\"wp-image-3303 size-full aligncenter\" src=\"https:\/\/vicarsrl.com\/wp-content\/uploads\/2018\/09\/page3_pic1.jpg\" alt=\"\" width=\"530\" height=\"188\" srcset=\"https:\/\/vicarsrl.com\/wp-content\/uploads\/2018\/09\/page3_pic1.jpg 530w, https:\/\/vicarsrl.com\/wp-content\/uploads\/2018\/09\/page3_pic1-350x124.jpg 350w, https:\/\/vicarsrl.com\/wp-content\/uploads\/2018\/09\/page3_pic1-300x106.jpg 300w\" sizes=\"(max-width: 530px) 100vw, 530px\" \/>[\/vc_column_text][titlesimple title=&#8221;LA NOSTRA STORIA&#8221;][\/titlesimple][vc_column_text]<\/p>\n<h5><strong><img loading=\"lazy\" class=\"size-medium wp-image-3184 alignright\" src=\"http:\/\/vicarsrl.com\/wp-content\/uploads\/2017\/11\/12063374_1193760910638099_3212420358964534142_n-300x223.jpg\" alt=\"\" width=\"300\" height=\"223\" srcset=\"https:\/\/vicarsrl.com\/wp-content\/uploads\/2017\/11\/12063374_1193760910638099_3212420358964534142_n-300x223.jpg 300w, https:\/\/vicarsrl.com\/wp-content\/uploads\/2017\/11\/12063374_1193760910638099_3212420358964534142_n-600x446.jpg 600w, https:\/\/vicarsrl.com\/wp-content\/uploads\/2017\/11\/12063374_1193760910638099_3212420358964534142_n.jpg 720w\" sizes=\"(max-width: 300px) 100vw, 300px\" \/><\/strong><\/h5>\n<h5 style=\"text-align: left;\"><strong>Agli inizi degli anni \u201970si\u00a0 da inizio ad un\u2019officina artigiana per la riparazione degli autocarri, organizzando tutti i beni e le\u00a0 capacit\u00e0.<\/strong><\/h5>\n<h5 style=\"text-align: left;\"><strong>Nel corso degli anni, nel veder crescere l\u2019attivit\u00e0 s\u2019intraprese la compravendita di veicoli, l\u2019azienda si caratterizz\u00f2 sempre pi\u00f9 nei settori commerciali e dell\u2019 assistenza, diventando concessionaria Iveco nei primi anni \u201980.<\/strong><\/h5>\n<h5 style=\"text-align: left;\"><strong>L\u2019obiettivo odierno \u00e8 quello di soddisfare tutte le aspettative del mercato, attraverso le capacit\u00e0 di uno staff altamente specializzato sull\u2019assistenza dei veicoli industriali e movimento terra, affiancando l\u2019assistenza post- vendita di pezzi di ricambio e lubrificanti.<\/strong><\/h5>\n<h5 style=\"text-align: left;\"><strong>La societ\u00e0 ha come obiettivo, inoltre, quello di farsi spazio anche nell\u2019ambito della vendita veicoli industriali nuovi ed usati e movimento terra.<\/strong><\/h5>\n<h5 style=\"text-align: left;\"><strong>La mission di Vicar Srl \u00e8 fornire assistenza sulla base delle nostre competenze di eccellenza, offrendo valore e qualit\u00e0 ed un servizio che sostenga la crescita economica della sua azienda.<\/strong><\/h5>\n<p>[\/vc_column_text][titleblock title=&#8221;IL NOSTRO TEAM&#8221; icon=&#8221;flaticon-constructor2&#8243;][\/titleblock][vc_column_text]Il nostro team \u00e8 costituito da professionisti del settore che hanno come unica mission la soddisfazione del cliente.<\/p>\n<p>Il nostro gruppo di lavoro \u00e8 un insieme di talenti che si sostengono l\u2019un l\u2019altro per raggiungere al meglio il loro obiettivo.<\/p>\n<p>Quando ciascuno per le proprie competenze e responsabilit\u00e0 sa che il suo lavoro \u00e8 importante per il raggiungimento di un grande obiettivo comune, allora anche le sfide pi\u00f9 difficili possono essere affrontate.<\/p>\n<h5 style=\"text-align: left;\"><b>&#8220;<\/b>Quando inizi a lavorare con una squadra devi lasciare che il team vada avanti per conto suo. E alla fine devi tutto a loro<b>&#8220;<\/b><\/h5>\n<h5 style=\"text-align: left;\"><b>(Michael Schumacher)<\/b><\/h5>\n<p>[\/vc_column_text][\/vc_column][\/vc_row][vc_row][vc_column][titlesimple title=&#8221;I NOSTRI SPONSOR&#8221;][\/titlesimple][\/vc_column][\/vc_row][vc_row content_placement=&#8221;middle&#8221;][vc_column width=&#8221;1\/4&#8243;]<div class=\"logo-box\"> <a href=\"\"><img src=\"https:\/\/vicarsrl.com\/wp-content\/uploads\/2017\/11\/ALLTRUCKS_Logo-1024x225.png\" alt=\"brand\" ><\/a><\/div>[\/vc_column][vc_column width=&#8221;1\/4&#8243;]<div class=\"logo-box\"> <a href=\"\"><img src=\"https:\/\/vicarsrl.com\/wp-content\/uploads\/2017\/11\/Knorr-Bremse_logo-1024x158.png\" alt=\"brand\" ><\/a><\/div>[\/vc_column][vc_column width=&#8221;1\/4&#8243;]<div class=\"logo-box\"> <a href=\"\"><img src=\"https:\/\/vicarsrl.com\/wp-content\/uploads\/2017\/11\/1280px-Bosch-brand.svg_-1024x242.png\" alt=\"brand\" ><\/a><\/div>[\/vc_column][vc_column width=&#8221;1\/4&#8243;]<div class=\"logo-box\"> <a href=\"\"><img src=\"https:\/\/vicarsrl.com\/wp-content\/uploads\/2017\/11\/zf-vector-logo-2.png\" alt=\"brand\" ><\/a><\/div>[\/vc_column][\/vc_row]<\/p>\n","protected":false},"excerpt":{"rendered":"<p>[vc_row][vc_column][vc_column_text] [\/vc_column_text][titlesimple title=&#8221;LA NOSTRA STORIA&#8221;][\/titlesimple][vc_column_text] Agli inizi degli anni \u201970si\u00a0 da inizio ad un\u2019officina artigiana per la riparazione degli autocarri, organizzando tutti i beni e le\u00a0 capacit\u00e0. Nel corso degli anni, nel veder crescere l\u2019attivit\u00e0 s\u2019intraprese la compravendita di veicoli, l\u2019azienda si caratterizz\u00f2 sempre pi\u00f9 nei settori commerciali e dell\u2019 assistenza, diventando concessionaria Iveco nei [&hellip;]<\/p>\n","protected":false},"author":2,"featured_media":2118,"parent":0,"menu_order":0,"comment_status":"open","ping_status":"open","template":"","meta":[],"aioseo_notices":[],"_links":{"self":[{"href":"https:\/\/vicarsrl.com\/index.php\/wp-json\/wp\/v2\/pages\/2395"}],"collection":[{"href":"https:\/\/vicarsrl.com\/index.php\/wp-json\/wp\/v2\/pages"}],"about":[{"href":"https:\/\/vicarsrl.com\/index.php\/wp-json\/wp\/v2\/types\/page"}],"author":[{"embeddable":true,"href":"https:\/\/vicarsrl.com\/index.php\/wp-json\/wp\/v2\/users\/2"}],"replies":[{"embeddable":true,"href":"https:\/\/vicarsrl.com\/index.php\/wp-json\/wp\/v2\/comments?post=2395"}],"version-history":[{"count":44,"href":"https:\/\/vicarsrl.com\/index.php\/wp-json\/wp\/v2\/pages\/2395\/revisions"}],"predecessor-version":[{"id":3304,"href":"https:\/\/vicarsrl.com\/index.php\/wp-json\/wp\/v2\/pages\/2395\/revisions\/3304"}],"wp:featuredmedia":[{"embeddable":true,"href":"https:\/\/vicarsrl.com\/index.php\/wp-json\/wp\/v2\/media\/2118"}],"wp:attachment":[{"href":"https:\/\/vicarsrl.com\/index.php\/wp-json\/wp\/v2\/media?parent=2395"}],"curies":[{"name":"wp","href":"https:\/\/api.w.org\/{rel}","templated":true}]}}